{"id":767,"date":"2015-04-28T16:44:15","date_gmt":"2015-04-28T16:44:15","guid":{"rendered":"http:\/\/mandariiin.com\/?page_id=767"},"modified":"2022-01-28T18:12:10","modified_gmt":"2022-01-28T18:12:10","slug":"valkommen-hit","status":"publish","type":"page","link":"https:\/\/mandariiin.com\/","title":{"rendered":"V\u00e4lkommen!"},"content":{"rendered":"<p>Tar tyv\u00e4rr ej emot nya kunder f\u00f6r tillf\u00e4llet!<\/p>\n<p>Jag som driver f\u00f6retaget heter Lia och \u00e4r utbildad nagelterapeut, fransstylist och fris\u00f6r.<\/p>\n<p>Utf\u00f6r nagelbehandlingar med gel\u00e9, akryl och gel\u00e9lack.<br \/>\nFransf\u00f6rl\u00e4ngningar utf\u00f6rs med singelsmetoden.<br \/>\nN\u00e4r det g\u00e4ller h\u00e5r s\u00e5 har jag inriktat mej p\u00e5 extensions med m\u00e5nga olika metoder.<br \/>\nJobbar bara med material och produkter som \u00e4r godk\u00e4nda i Sverige.<\/p>\n<p>Kolla g\u00e4rna i menyerna h\u00e4r ovanf\u00f6r f\u00f6r att hitta just det du \u00f6nskar. Bilder hittar du i galleriet. Om du har n\u00e5gra funderingar s\u00e5 \u00e4r du v\u00e4lkommen att skicka ett sms\/mail.<\/p>\n<p>F\u00f6retaget drivs p\u00e5 sidan av min huvudsyssels\u00e4ttning, d\u00e4rf\u00f6r kan det ibland vara lite sv\u00e5rt f\u00f6r mej att anpassa tiderna efter dina \u00f6nskem\u00e5l.<\/p>\n<p><img src=\"http:\/\/mandariiin.com\/wp-content\/uploads\/2015\/04\/pitty-150x150.png\" alt=\"Pitty\" align=\"left\" \/><br \/>\nHos mej \u00e4r hundar v\u00e4lkomna att f\u00f6lja med, men du m\u00e5ste informera om detta innan du kommer d\u00e5 jag har egna djur!<\/p>\n","protected":false},"excerpt":{"rendered":"<p>Tar tyv\u00e4rr ej emot nya kunder f\u00f6r tillf\u00e4llet! Jag som driver f\u00f6retaget heter Lia och \u00e4r utbildad nagelterapeut, fransstylist och fris\u00f6r. Utf\u00f6r nagelbehandlingar med gel\u00e9, akryl och gel\u00e9lack. Fransf\u00f6rl\u00e4ngningar utf\u00f6rs med singelsmetoden. N\u00e4r det g\u00e4ller h\u00e5r s\u00e5 har jag inriktat mej p\u00e5 extensions med m\u00e5nga olika metoder. Jobbar bara med material och produkter som \u00e4r &hellip; <a href=\"https:\/\/mandariiin.com\/\" class=\"more-link\">Forts\u00e4tt l\u00e4sa<span class=\"screen-reader-text\"> \u201dV\u00e4lkommen!\u201d<\/span><\/a><\/p>\n","protected":false},"author":1,"featured_media":0,"parent":0,"menu_order":0,"comment_status":"closed","ping_status":"closed","template":"","meta":[],"_links":{"self":[{"href":"https:\/\/mandariiin.com\/index.php?rest_route=\/wp\/v2\/pages\/767"}],"collection":[{"href":"https:\/\/mandariiin.com\/index.php?rest_route=\/wp\/v2\/pages"}],"about":[{"href":"https:\/\/mandariiin.com\/index.php?rest_route=\/wp\/v2\/types\/page"}],"author":[{"embeddable":true,"href":"https:\/\/mandariiin.com\/index.php?rest_route=\/wp\/v2\/users\/1"}],"replies":[{"embeddable":true,"href":"https:\/\/mandariiin.com\/index.php?rest_route=%2Fwp%2Fv2%2Fcomments&post=767"}],"version-history":[{"count":36,"href":"https:\/\/mandariiin.com\/index.php?rest_route=\/wp\/v2\/pages\/767\/revisions"}],"predecessor-version":[{"id":829,"href":"https:\/\/mandariiin.com\/index.php?rest_route=\/wp\/v2\/pages\/767\/revisions\/829"}],"wp:attachment":[{"href":"https:\/\/mandariiin.com\/index.php?rest_route=%2Fwp%2Fv2%2Fmedia&parent=767"}],"curies":[{"name":"wp","href":"https:\/\/api.w.org\/{rel}","templated":true}]}}